{"id":3,"date":"2022-08-30T12:33:18","date_gmt":"2022-08-30T10:33:18","guid":{"rendered":"https:\/\/foxs8.vot.pl\/projekty\/jsw\/?page_id=3"},"modified":"2022-09-05T10:39:41","modified_gmt":"2022-09-05T08:39:41","slug":"polityka-prywatnosci","status":"publish","type":"page","link":"https:\/\/www.jsw.pl\/sensevr\/polityka-prywatnosci\/","title":{"rendered":"Polityka prywatno\u015bci"},"content":{"rendered":"\n<p><strong>POSTANOWIENIA<\/strong><br><br>Niniejsza Polityka cookies okre\u015bla zasady przechowywania i dost\u0119pu do informacji na urz\u0105dzeniach U\u017cytkownika za pomoc\u0105 plik\u00f3w cookies, s\u0142u\u017c\u0105cych realizacji us\u0142ug \u015bwiadczonych drog\u0105 elektroniczn\u0105 \u017c\u0105danych przez U\u017cytkownika, przez w\u0142a\u015bciciela stron \u2013 sp\u00f3\u0142k\u0119 JSW Nowe Projekty S.A. z siedzib\u0105 w Katowicach (40-282), ul. Paderewskiego 41.<br><br>Informujemy, \u017ce na naszych stronach stosujemy cookies w celach:<br>1) u\u0142atwienia funkcjonalno\u015bci i dost\u0119pno\u015bci, by przy wielokrotnym ich odwiedzaniu dostosowa\u0107 si\u0119 do preferencji u\u017cytkownik\u00f3w. W szczeg\u00f3lno\u015bci pliki te pozwalaj\u0105 rozpozna\u0107 podstawowe parametry Urz\u0105dzenia U\u017cytkownika i odpowiednio wy\u015bwietli\u0107 stron\u0119 internetow\u0105, dostosowan\u0105 do jego indywidualnych potrzeb.<br>2) statystycznych \u2013 do tworzenia wewn\u0119trznych statystyk odwiedzin stron.<br>Stosowane przez Administratora cookies s\u0105 bezpieczne dla Urz\u0105dzenia U\u017cytkownika. W szczeg\u00f3lno\u015bci t\u0105 drog\u0105 nie jest mo\u017cliwe przedostanie si\u0119 do Urz\u0105dze\u0144 U\u017cytkownik\u00f3w.<br><br>Cookies obejmuj\u0105 takie informacje jak: typ przegl\u0105darki, ustawienia przegl\u0105darki, dat\u0119 i godzin\u0119 wizyty na naszych stronach, nazw\u0119 dostawcy Internetu, publiczny nr IP, stron\u0119, z kt\u00f3rej nast\u0105pi\u0142o wej\u015bcie do Serwisu. Mechanizm cookies nie pozwala na pobieranie jakichkolwiek danych osobowych, ani \u017cadnych informacji poufnych z urz\u0105dzenia U\u017cytkownika.<br><br>Informujemy, \u017ce U\u017cytkownik ma mo\u017cliwo\u015b\u0107 ograniczenia lub wy\u0142\u0105czenia dost\u0119pu plik\u00f3w cookies do swojego urz\u0105dzenia. Jednak skorzystanie z tej opcji mo\u017ce uniemo\u017cliwi\u0107 korzystanie z niekt\u00f3rych funkcjonalno\u015bci naszych stron, szczeg\u00f3lnie z funkcji, kt\u00f3re ze swojej natury wymagaj\u0105 plik\u00f3w cookies.<br><br>U\u017cytkownik mo\u017ce dokona\u0107 zmian ustawie\u0144:<br><br>a) za pomoc\u0105 ustawie\u0144 przegl\u0105darki internetowej,<br>b) za pomoc\u0105 konfiguracji us\u0142ugi.<br><br>Ustawienia te mog\u0105 zosta\u0107 zmienione w szczeg\u00f3lno\u015bci w taki spos\u00f3b, aby blokowa\u0107 automatyczn\u0105 obs\u0142ug\u0119 plik\u00f3w cookies w ustawieniach przegl\u0105darki internetowej, b\u0105d\u017a informowa\u0107 o ich ka\u017cdorazowym zamieszczeniu cookies na urz\u0105dzeniu U\u017cytkownika. Szczeg\u00f3\u0142owe informacje o mo\u017cliwo\u015bci i sposobach obs\u0142ugi plik\u00f3w cookies dost\u0119pne s\u0105 w ustawieniach oprogramowania (przegl\u0105darki internetowej).<br><br>Poni\u017cej instrukcja jak mo\u017cna zmieni\u0107 ustawienia przegl\u0105darek internetowych w zakresie stosowania plik\u00f3w cookies:<br><br>Przegl\u0105darka Internet Explorer\u00a0<a rel=\"noreferrer noopener\" href=\"https:\/\/support.microsoft.com\/pl-pl\/help\/17442\/windows-internet-explorer-delete-manage-cookies\" target=\"_blank\">https:\/\/support.microsoft.com\/pl-pl\/help\/17442\/windows-internet-explorer-delete-manage-cookies<\/a><br><br>Przegl\u0105darka Mozilla FireFox\u00a0<a rel=\"noreferrer noopener\" href=\"https:\/\/support.mozilla.org\/pl\/kb\/ciasteczka\" target=\"_blank\">https:\/\/support.mozilla.org\/pl\/kb\/ciasteczka<\/a><br><br>Przegl\u0105darka Chrome\u00a0<a rel=\"noreferrer noopener\" href=\"https:\/\/support.google.com\/chrome\/answer\/95647?hl=pl\" target=\"_blank\">https:\/\/support.google.com\/chrome\/answer\/95647?hl=pl<\/a><br><br>Przegl\u0105darka Safari\u00a0<a rel=\"noreferrer noopener\" href=\"https:\/\/support.apple.com\/pl-pl\/HT201265\" target=\"_blank\">https:\/\/support.apple.com\/pl-pl\/HT201265<\/a><br><br>Przegl\u0105darka Opera\u00a0<a rel=\"noreferrer noopener\" href=\"http:\/\/help.opera.com\/Linux\/9.22\/pl\/cookies.html\" target=\"_blank\">http:\/\/help.opera.com\/Linux\/9.22\/pl\/cookies.html<\/a><br><br>Serwis nasz zawiera odno\u015bniki do stron www nale\u017c\u0105ce i zarz\u0105dzane przez osoby trzecie (innych Operator\u00f3w).<br><br>Nie mo\u017cemy w nie ingerowa\u0107 oraz nie mo\u017ce mo\u017cemy ingerowa\u0107 w zasady zachowania prywatno\u015bci stosowane przez tych Operator\u00f3w. W przypadku korzystania z odno\u015bnik\u00f3w, sugerujemy U\u017cytkownikom zapoznanie si\u0119 z politykami prywatno\u015bci ustanowionymi u tych operator\u00f3w.<\/p>\n","protected":false},"excerpt":{"rendered":"<p>POSTANOWIENIA Niniejsza Polityka cookies okre\u015bla zasady przechowywania i dost\u0119pu do informacji na urz\u0105dzeniach U\u017cytkownika za [&hellip;]<\/p>\n","protected":false},"author":1,"featured_media":0,"parent":0,"menu_order":0,"comment_status":"closed","ping_status":"open","template":"pages\/documents.php","meta":{"_acf_changed":false,"footnotes":""},"acf":[],"_links":{"self":[{"href":"https:\/\/www.jsw.pl\/sensevr\/wp-json\/wp\/v2\/pages\/3"}],"collection":[{"href":"https:\/\/www.jsw.pl\/sensevr\/wp-json\/wp\/v2\/pages"}],"about":[{"href":"https:\/\/www.jsw.pl\/sensevr\/wp-json\/wp\/v2\/types\/page"}],"author":[{"embeddable":true,"href":"https:\/\/www.jsw.pl\/sensevr\/wp-json\/wp\/v2\/users\/1"}],"replies":[{"embeddable":true,"href":"https:\/\/www.jsw.pl\/sensevr\/wp-json\/wp\/v2\/comments?post=3"}],"version-history":[{"count":1,"href":"https:\/\/www.jsw.pl\/sensevr\/wp-json\/wp\/v2\/pages\/3\/revisions"}],"predecessor-version":[{"id":37,"href":"https:\/\/www.jsw.pl\/sensevr\/wp-json\/wp\/v2\/pages\/3\/revisions\/37"}],"wp:attachment":[{"href":"https:\/\/www.jsw.pl\/sensevr\/wp-json\/wp\/v2\/media?parent=3"}],"curies":[{"name":"wp","href":"https:\/\/api.w.org\/{rel}","templated":true}]}}